{"id":735,"date":"2020-09-11T13:58:48","date_gmt":"2020-09-11T11:58:48","guid":{"rendered":"https:\/\/physio-lorraine.fr\/?page_id=735"},"modified":"2020-10-01T19:05:13","modified_gmt":"2020-10-01T17:05:13","slug":"inscription-etudiants-avc","status":"publish","type":"page","link":"https:\/\/physio-lorraine.fr\/index.php\/inscription-etudiants-avc\/","title":{"rendered":"Inscription \u00e9tudiants \/ \u00ab\u00a0AVC : Actualit\u00e9, Preuves et Pratique\u00a0\u00bb"},"content":{"rendered":"\n<p>D\u00e9sol\u00e9, les inscriptions \u00e0 la conf\u00e9rence pour les \u00e9tudiants sont maintenant termin\u00e9es.<\/p>\n","protected":false},"excerpt":{"rendered":"<p>D\u00e9sol\u00e9, les inscriptions \u00e0 la conf\u00e9rence pour les \u00e9tudiants sont maintenant termin\u00e9es.<\/p>\n","protected":false},"author":1,"featured_media":0,"parent":0,"menu_order":0,"comment_status":"closed","ping_status":"closed","template":"","meta":{"footnotes":""},"class_list":["post-735","page","type-page","status-publish","hentry","no-post-thumbnail"],"_links":{"self":[{"href":"https:\/\/physio-lorraine.fr\/index.php\/wp-json\/wp\/v2\/pages\/735","targetHints":{"allow":["GET"]}}],"collection":[{"href":"https:\/\/physio-lorraine.fr\/index.php\/wp-json\/wp\/v2\/pages"}],"about":[{"href":"https:\/\/physio-lorraine.fr\/index.php\/wp-json\/wp\/v2\/types\/page"}],"author":[{"embeddable":true,"href":"https:\/\/physio-lorraine.fr\/index.php\/wp-json\/wp\/v2\/users\/1"}],"replies":[{"embeddable":true,"href":"https:\/\/physio-lorraine.fr\/index.php\/wp-json\/wp\/v2\/comments?post=735"}],"version-history":[{"count":2,"href":"https:\/\/physio-lorraine.fr\/index.php\/wp-json\/wp\/v2\/pages\/735\/revisions"}],"predecessor-version":[{"id":853,"href":"https:\/\/physio-lorraine.fr\/index.php\/wp-json\/wp\/v2\/pages\/735\/revisions\/853"}],"wp:attachment":[{"href":"https:\/\/physio-lorraine.fr\/index.php\/wp-json\/wp\/v2\/media?parent=735"}],"curies":[{"name":"wp","href":"https:\/\/api.w.org\/{rel}","templated":true}]}}