{"id":71,"date":"2019-08-29T18:16:28","date_gmt":"2019-08-29T16:16:28","guid":{"rendered":"https:\/\/physio-lorraine.fr\/?page_id=71"},"modified":"2026-02-24T09:26:43","modified_gmt":"2026-02-24T08:26:43","slug":"bureau","status":"publish","type":"page","link":"https:\/\/physio-lorraine.fr\/index.php\/bureau\/","title":{"rendered":"L&rsquo;\u00e9quipe"},"content":{"rendered":"\r\n<p>L&rsquo;\u00e9quipe de la SPL est compos\u00e9e de b\u00e9n\u00e9voles aux profils vari\u00e9s, mais r\u00e9unis autour d&rsquo;une passion commune :<\/p>\r\n\r\n\r\n\r\n<div class=\"wp-block-media-text alignwide is-stacked-on-mobile\" style=\"grid-template-columns: 24% auto;\">\r\n<figure class=\"wp-block-media-text__media\"><img loading=\"lazy\" decoding=\"async\" width=\"1017\" height=\"1024\" class=\"wp-image-5900 size-full\" src=\"https:\/\/physio-lorraine.fr\/wp-content\/uploads\/2025\/09\/e8b12a29-b526-4e63-8466-c06729b34418-e1758223786868-1017x1024.jpg\" alt=\"\" srcset=\"https:\/\/physio-lorraine.fr\/wp-content\/uploads\/2025\/09\/e8b12a29-b526-4e63-8466-c06729b34418-e1758223786868-1017x1024.jpg 1017w, https:\/\/physio-lorraine.fr\/wp-content\/uploads\/2025\/09\/e8b12a29-b526-4e63-8466-c06729b34418-e1758223786868-298x300.jpg 298w, https:\/\/physio-lorraine.fr\/wp-content\/uploads\/2025\/09\/e8b12a29-b526-4e63-8466-c06729b34418-e1758223786868-150x150.jpg 150w, https:\/\/physio-lorraine.fr\/wp-content\/uploads\/2025\/09\/e8b12a29-b526-4e63-8466-c06729b34418-e1758223786868-768x773.jpg 768w, https:\/\/physio-lorraine.fr\/wp-content\/uploads\/2025\/09\/e8b12a29-b526-4e63-8466-c06729b34418-e1758223786868.jpg 1200w\" sizes=\"auto, (max-width: 1017px) 100vw, 1017px\" \/><\/figure>\r\n<div class=\"wp-block-media-text__content\">\r\n<p><strong>Antoine Perros<\/strong> | <strong>Pr\u00e9sident<\/strong><\/p>\r\n\r\n\r\n\r\n<p>MKDE, praticien lib\u00e9ral<\/p>\r\n<\/div>\r\n<\/div>\r\n\r\n\r\n\r\n<div class=\"wp-block-media-text alignwide is-stacked-on-mobile\" style=\"grid-template-columns: 24% auto;\">\r\n<figure class=\"wp-block-media-text__media\"><img loading=\"lazy\" decoding=\"async\" width=\"1021\" height=\"1024\" class=\"wp-image-5898 size-full\" src=\"https:\/\/physio-lorraine.fr\/wp-content\/uploads\/2025\/09\/8cc3cc94-2bc0-4c9f-9575-e813409d77d3-2-e1758223755250-1021x1024.jpg\" alt=\"\" srcset=\"https:\/\/physio-lorraine.fr\/wp-content\/uploads\/2025\/09\/8cc3cc94-2bc0-4c9f-9575-e813409d77d3-2-e1758223755250-1021x1024.jpg 1021w, https:\/\/physio-lorraine.fr\/wp-content\/uploads\/2025\/09\/8cc3cc94-2bc0-4c9f-9575-e813409d77d3-2-e1758223755250-300x300.jpg 300w, https:\/\/physio-lorraine.fr\/wp-content\/uploads\/2025\/09\/8cc3cc94-2bc0-4c9f-9575-e813409d77d3-2-e1758223755250-150x150.jpg 150w, https:\/\/physio-lorraine.fr\/wp-content\/uploads\/2025\/09\/8cc3cc94-2bc0-4c9f-9575-e813409d77d3-2-e1758223755250-768x771.jpg 768w, https:\/\/physio-lorraine.fr\/wp-content\/uploads\/2025\/09\/8cc3cc94-2bc0-4c9f-9575-e813409d77d3-2-e1758223755250.jpg 1200w\" sizes=\"auto, (max-width: 1021px) 100vw, 1021px\" \/><\/figure>\r\n<div class=\"wp-block-media-text__content\">\r\n<p><strong>Aur\u00e9lie Roth | Tr\u00e9sori\u00e8re<\/strong><\/p>\r\n\r\n\r\n\r\n<p>MKDE, salari\u00e9e en service de r\u00e9animation au CHU de Nancy, enseignante-formatrice vacataire en IFMK, Licence STAPS mention APA.<\/p>\r\n<\/div>\r\n<\/div>\r\n\r\n\r\n\r\n<div class=\"wp-block-media-text alignwide is-stacked-on-mobile\" style=\"grid-template-columns: 24% auto;\">\r\n<figure class=\"wp-block-media-text__media\"><img loading=\"lazy\" decoding=\"async\" width=\"1024\" height=\"1024\" class=\"wp-image-5846 size-full\" src=\"https:\/\/physio-lorraine.fr\/wp-content\/uploads\/2025\/09\/7e77e9eb-a73a-4294-b71d-857e804f613d-e1757838567367-1024x1024.jpg\" alt=\"\" srcset=\"https:\/\/physio-lorraine.fr\/wp-content\/uploads\/2025\/09\/7e77e9eb-a73a-4294-b71d-857e804f613d-e1757838567367-1024x1024.jpg 1024w, https:\/\/physio-lorraine.fr\/wp-content\/uploads\/2025\/09\/7e77e9eb-a73a-4294-b71d-857e804f613d-e1757838567367-300x300.jpg 300w, https:\/\/physio-lorraine.fr\/wp-content\/uploads\/2025\/09\/7e77e9eb-a73a-4294-b71d-857e804f613d-e1757838567367-150x150.jpg 150w, https:\/\/physio-lorraine.fr\/wp-content\/uploads\/2025\/09\/7e77e9eb-a73a-4294-b71d-857e804f613d-e1757838567367-768x768.jpg 768w, https:\/\/physio-lorraine.fr\/wp-content\/uploads\/2025\/09\/7e77e9eb-a73a-4294-b71d-857e804f613d-e1757838567367.jpg 1200w\" sizes=\"auto, (max-width: 1024px) 100vw, 1024px\" \/><\/figure>\r\n<div class=\"wp-block-media-text__content\">\r\n<p><strong>Maela Guichard<\/strong><strong> | Secr\u00e9taire<\/strong><\/p>\r\n\r\n\r\n\r\n<p>MKDE salari\u00e9e, R\u00e9animation Chirurgie Cardiaque au CHRU de Nancy. DIU P\u00e9dagogie et Simulation. Vacations \u00e0 l&rsquo;IFMK de Nancy.<\/p>\r\n<\/div>\r\n<\/div>\r\n\r\n\r\n\r\n<div class=\"wp-block-media-text alignwide is-stacked-on-mobile\" style=\"grid-template-columns: 24% auto;\">\r\n<figure class=\"wp-block-media-text__media\"><img loading=\"lazy\" decoding=\"async\" width=\"957\" height=\"1024\" class=\"wp-image-5848 size-full\" src=\"https:\/\/physio-lorraine.fr\/wp-content\/uploads\/2025\/09\/623d61a3-414a-49bf-aaa6-c05356b11515-e1757838624131-957x1024.jpg\" alt=\"\" srcset=\"https:\/\/physio-lorraine.fr\/wp-content\/uploads\/2025\/09\/623d61a3-414a-49bf-aaa6-c05356b11515-e1757838624131-957x1024.jpg 957w, https:\/\/physio-lorraine.fr\/wp-content\/uploads\/2025\/09\/623d61a3-414a-49bf-aaa6-c05356b11515-e1757838624131-280x300.jpg 280w, https:\/\/physio-lorraine.fr\/wp-content\/uploads\/2025\/09\/623d61a3-414a-49bf-aaa6-c05356b11515-e1757838624131-768x822.jpg 768w, https:\/\/physio-lorraine.fr\/wp-content\/uploads\/2025\/09\/623d61a3-414a-49bf-aaa6-c05356b11515-e1757838624131.jpg 1200w\" sizes=\"auto, (max-width: 957px) 100vw, 957px\" \/><\/figure>\r\n<div class=\"wp-block-media-text__content\">\r\n<p><strong>Antoine Courouve<\/strong> | <strong>VP Partenariats<\/strong><\/p>\r\n\r\n\r\n\r\n<p>MKDE salari\u00e9, pratique orient\u00e9e vers le traitement des TMS et douleurs persistantes<\/p>\r\n<\/div>\r\n<\/div>\r\n\r\n\r\n\r\n<div class=\"wp-block-media-text alignwide is-stacked-on-mobile\" style=\"grid-template-columns: 24% auto;\">\r\n<figure class=\"wp-block-media-text__media\"><img loading=\"lazy\" decoding=\"async\" width=\"1024\" height=\"1024\" class=\"wp-image-5849 size-full\" src=\"https:\/\/physio-lorraine.fr\/wp-content\/uploads\/2025\/09\/187dfb9d-2934-4d09-8258-76a8ff38d6fb-e1757838654161-1024x1024.jpg\" alt=\"\" srcset=\"https:\/\/physio-lorraine.fr\/wp-content\/uploads\/2025\/09\/187dfb9d-2934-4d09-8258-76a8ff38d6fb-e1757838654161-1024x1024.jpg 1024w, https:\/\/physio-lorraine.fr\/wp-content\/uploads\/2025\/09\/187dfb9d-2934-4d09-8258-76a8ff38d6fb-e1757838654161-300x300.jpg 300w, https:\/\/physio-lorraine.fr\/wp-content\/uploads\/2025\/09\/187dfb9d-2934-4d09-8258-76a8ff38d6fb-e1757838654161-150x150.jpg 150w, https:\/\/physio-lorraine.fr\/wp-content\/uploads\/2025\/09\/187dfb9d-2934-4d09-8258-76a8ff38d6fb-e1757838654161-768x768.jpg 768w, https:\/\/physio-lorraine.fr\/wp-content\/uploads\/2025\/09\/187dfb9d-2934-4d09-8258-76a8ff38d6fb-e1757838654161.jpg 1200w\" sizes=\"auto, (max-width: 1024px) 100vw, 1024px\" \/><\/figure>\r\n<div class=\"wp-block-media-text__content\">\r\n<p><strong>J\u00e9r\u00e9my Martin<\/strong><\/p>\r\n\r\n\r\n\r\n<p>MKDE, Master 2 en ing\u00e9nierie de la r\u00e9\u00e9ducation, DU en th\u00e9rapie manuelle, Enseignant-formateur titulaire en IFMK et praticien lib\u00e9ral<\/p>\r\n<\/div>\r\n<\/div>\r\n\r\n\r\n\r\n<div class=\"wp-block-media-text alignwide is-stacked-on-mobile\" style=\"grid-template-columns: 24% auto;\">\r\n<figure class=\"wp-block-media-text__media\"><img loading=\"lazy\" decoding=\"async\" width=\"180\" height=\"180\" class=\"wp-image-76 size-full\" src=\"https:\/\/physio-lorraine.fr\/wp-content\/uploads\/2019\/08\/thomas-e1567094852511.png\" alt=\"\" \/><\/figure>\r\n<div class=\"wp-block-media-text__content\">\r\n<p><strong>Thomas Cl\u00e9ment<\/strong><\/p>\r\n\r\n\r\n\r\n<p>MKDE, Docteur de l\u2019universit\u00e9 de Lorraine, enseignant-formateur titulaire en IFMK et praticien lib\u00e9ral.<\/p>\r\n<\/div>\r\n<\/div>\r\n\r\n\r\n\r\n<div class=\"wp-block-media-text alignwide is-stacked-on-mobile\" style=\"grid-template-columns: 24% auto;\">\r\n<figure class=\"wp-block-media-text__media\"><img loading=\"lazy\" decoding=\"async\" width=\"298\" height=\"298\" class=\"wp-image-5897 size-full\" src=\"https:\/\/physio-lorraine.fr\/wp-content\/uploads\/2025\/09\/PHOTO-2025-09-16-17-17-26-e1758223695250.jpg\" alt=\"\" srcset=\"https:\/\/physio-lorraine.fr\/wp-content\/uploads\/2025\/09\/PHOTO-2025-09-16-17-17-26-e1758223695250.jpg 298w, https:\/\/physio-lorraine.fr\/wp-content\/uploads\/2025\/09\/PHOTO-2025-09-16-17-17-26-e1758223695250-150x150.jpg 150w\" sizes=\"auto, (max-width: 298px) 100vw, 298px\" \/><\/figure>\r\n<div class=\"wp-block-media-text__content\">\r\n<p><strong>Guillaume No\u00ebl<\/strong><\/p>\r\n\r\n\r\n\r\n<p>L3 STAPS (APA), MKDE, Praticien lib\u00e9ral (MDT, TMO et douleurs persistantes), enseignant-formateur titulaire en IFMK<\/p>\r\n<\/div>\r\n<\/div>\r\n\r\n\r\n\r\n<div class=\"wp-block-media-text alignwide is-stacked-on-mobile\" style=\"grid-template-columns: 24% auto;\">\r\n<figure class=\"wp-block-media-text__media\"><img loading=\"lazy\" decoding=\"async\" width=\"748\" height=\"748\" class=\"wp-image-5920 size-full\" src=\"https:\/\/physio-lorraine.fr\/wp-content\/uploads\/2025\/09\/justine-e1758732916662.jpg\" alt=\"\" srcset=\"https:\/\/physio-lorraine.fr\/wp-content\/uploads\/2025\/09\/justine-e1758732916662.jpg 748w, https:\/\/physio-lorraine.fr\/wp-content\/uploads\/2025\/09\/justine-e1758732916662-300x300.jpg 300w, https:\/\/physio-lorraine.fr\/wp-content\/uploads\/2025\/09\/justine-e1758732916662-150x150.jpg 150w\" sizes=\"auto, (max-width: 748px) 100vw, 748px\" \/><\/figure>\r\n<div class=\"wp-block-media-text__content\">\r\n<p><strong>Justine Simon<\/strong><\/p>\r\n\r\n\r\n\r\n<p>MKDE salari\u00e9e en p\u00e9diatrie au CMPRE de Flavigny-sur-Moselle<\/p>\r\n<\/div>\r\n<\/div>\r\n\r\n\r\n\r\n<div class=\"wp-block-media-text alignwide is-stacked-on-mobile\" style=\"grid-template-columns: 24% auto;\">\r\n<figure class=\"wp-block-media-text__media\"><img loading=\"lazy\" decoding=\"async\" width=\"1024\" height=\"1024\" class=\"wp-image-5850 size-full\" src=\"https:\/\/physio-lorraine.fr\/wp-content\/uploads\/2025\/09\/mtus4vhJ-e1757838686756-1024x1024.jpeg\" alt=\"\" srcset=\"https:\/\/physio-lorraine.fr\/wp-content\/uploads\/2025\/09\/mtus4vhJ-e1757838686756-1024x1024.jpeg 1024w, https:\/\/physio-lorraine.fr\/wp-content\/uploads\/2025\/09\/mtus4vhJ-e1757838686756-300x300.jpeg 300w, https:\/\/physio-lorraine.fr\/wp-content\/uploads\/2025\/09\/mtus4vhJ-e1757838686756-150x150.jpeg 150w, https:\/\/physio-lorraine.fr\/wp-content\/uploads\/2025\/09\/mtus4vhJ-e1757838686756-768x768.jpeg 768w, https:\/\/physio-lorraine.fr\/wp-content\/uploads\/2025\/09\/mtus4vhJ-e1757838686756.jpeg 1222w\" sizes=\"auto, (max-width: 1024px) 100vw, 1024px\" \/><\/figure>\r\n<div class=\"wp-block-media-text__content\">\r\n<p><strong>Cl\u00e9ment Temporale<\/strong><\/p>\r\n\r\n\r\n\r\n<p>MKDE, praticien lib\u00e9ral<\/p>\r\n<\/div>\r\n<\/div>\r\n\r\n\r\n\r\n<div class=\"wp-block-media-text alignwide is-stacked-on-mobile\" style=\"grid-template-columns: 24% auto;\">\r\n<figure class=\"wp-block-media-text__media\"><img loading=\"lazy\" decoding=\"async\" width=\"664\" height=\"664\" class=\"wp-image-5851 size-full\" src=\"https:\/\/physio-lorraine.fr\/wp-content\/uploads\/2025\/09\/u4ITRttm-e1757838737474.jpeg\" alt=\"\" srcset=\"https:\/\/physio-lorraine.fr\/wp-content\/uploads\/2025\/09\/u4ITRttm-e1757838737474.jpeg 664w, https:\/\/physio-lorraine.fr\/wp-content\/uploads\/2025\/09\/u4ITRttm-e1757838737474-300x300.jpeg 300w, https:\/\/physio-lorraine.fr\/wp-content\/uploads\/2025\/09\/u4ITRttm-e1757838737474-150x150.jpeg 150w\" sizes=\"auto, (max-width: 664px) 100vw, 664px\" \/><\/figure>\r\n<div class=\"wp-block-media-text__content\">\r\n<p><strong>Ma\u00eblis Andr\u00e9<\/strong><\/p>\r\n\r\n\r\n\r\n<p>MKDE<\/p>\r\n<\/div>\r\n<\/div>\r\n\r\n\r\n\r\n<div class=\"wp-block-media-text alignwide is-stacked-on-mobile\" style=\"grid-template-columns: 24% auto;\">\r\n<figure class=\"wp-block-media-text__media\"><img loading=\"lazy\" decoding=\"async\" width=\"180\" height=\"180\" class=\"wp-image-75 size-full\" src=\"https:\/\/physio-lorraine.fr\/wp-content\/uploads\/2019\/08\/pascal-e1567094838486.png\" alt=\"\" \/><\/figure>\r\n<div class=\"wp-block-media-text__content\">\r\n<p><strong>Pascal Gouilly<\/strong><\/p>\r\n\r\n\r\n\r\n<p>MKDE, Directeur de l\u2019IFMK de Nancy, Pr\u00e9sident du SNIFMK, Cadre sup\u00e9rieur, ancien r\u00e9dacteur en chef de Kin\u00e9sith\u00e9rapie la revue.<\/p>\r\n<\/div>\r\n<\/div>\r\n\r\n\r\n\r\n<div class=\"wp-block-media-text alignwide is-stacked-on-mobile\" style=\"grid-template-columns: 24% auto;\">\r\n<figure class=\"wp-block-media-text__media\"><img loading=\"lazy\" decoding=\"async\" width=\"1024\" height=\"1024\" class=\"wp-image-4970 size-full\" src=\"https:\/\/physio-lorraine.fr\/wp-content\/uploads\/2023\/10\/Vicoetrob-1-scaled-e1696515879836-1024x1024.jpg\" alt=\"\" srcset=\"https:\/\/physio-lorraine.fr\/wp-content\/uploads\/2023\/10\/Vicoetrob-1-scaled-e1696515879836-1024x1024.jpg 1024w, https:\/\/physio-lorraine.fr\/wp-content\/uploads\/2023\/10\/Vicoetrob-1-scaled-e1696515879836-300x300.jpg 300w, https:\/\/physio-lorraine.fr\/wp-content\/uploads\/2023\/10\/Vicoetrob-1-scaled-e1696515879836-150x150.jpg 150w, https:\/\/physio-lorraine.fr\/wp-content\/uploads\/2023\/10\/Vicoetrob-1-scaled-e1696515879836-768x768.jpg 768w, https:\/\/physio-lorraine.fr\/wp-content\/uploads\/2023\/10\/Vicoetrob-1-scaled-e1696515879836.jpg 1393w\" sizes=\"auto, (max-width: 1024px) 100vw, 1024px\" \/><\/figure>\r\n<div class=\"wp-block-media-text__content\">\r\n<p><strong>Robin Ogiez<\/strong><\/p>\r\n\r\n\r\n\r\n<p>MKDE, Praticien lib\u00e9ral, Master 2 \u00ab\u00a0Recherche en r\u00e9adaptation\u00a0\u00bb, cr\u00e9ateur de contenu (@Stoudeo)<\/p>\r\n<\/div>\r\n<\/div>\r\n\r\n\r\n\r\n<div class=\"wp-block-media-text alignwide is-stacked-on-mobile\" style=\"grid-template-columns: 24% auto;\">\r\n<figure class=\"wp-block-media-text__media\"><img loading=\"lazy\" decoding=\"async\" width=\"180\" height=\"180\" class=\"wp-image-73 size-full\" src=\"https:\/\/physio-lorraine.fr\/wp-content\/uploads\/2019\/08\/jean-pierre-e1567094754634.png\" alt=\"\" \/><\/figure>\r\n<div class=\"wp-block-media-text__content\">\r\n<p><strong>Jean-Pierre Cordier<\/strong><\/p>\r\n\r\n\r\n\r\n<p>MKDE, Cadre de r\u00e9\u00e9ducation, Enseignant-formateur titulaire en IFMK, ost\u00e9opathe, ancien membre de l\u2019AKL.<\/p>\r\n<\/div>\r\n<\/div>\r\n\r\n\r\n\r\n<div class=\"wp-block-media-text alignwide is-stacked-on-mobile\" style=\"grid-template-columns: 24% auto;\">\r\n<figure class=\"wp-block-media-text__media\"><img loading=\"lazy\" decoding=\"async\" width=\"180\" height=\"180\" class=\"wp-image-74 size-full\" src=\"https:\/\/physio-lorraine.fr\/wp-content\/uploads\/2019\/08\/johnny-e1567094818408.png\" alt=\"\" \/><\/figure>\r\n<div class=\"wp-block-media-text__content\">\r\n<p><strong><strong>Johnny Afonso<\/strong><\/strong><\/p>\r\n\r\n\r\n\r\n<p>MKDE, \u00a0DIU en Kin\u00e9sith\u00e9rapie du Sport, Master Ing\u00e9nierie de la e-formation, enseignant-formateur vacataire en IFMK, cr\u00e9ateur de Piriforme.fr<\/p>\r\n<\/div>\r\n<\/div>\r\n\r\n\r\n\r\n<div class=\"wp-block-media-text alignwide is-stacked-on-mobile\" style=\"grid-template-columns: 24% auto;\">\r\n<figure class=\"wp-block-media-text__media\"><img loading=\"lazy\" decoding=\"async\" width=\"180\" height=\"180\" class=\"wp-image-4591 size-full\" src=\"https:\/\/physio-lorraine.fr\/wp-content\/uploads\/2022\/06\/oda-e1656341429459.jpg\" alt=\"\" srcset=\"https:\/\/physio-lorraine.fr\/wp-content\/uploads\/2022\/06\/oda-e1656341429459.jpg 180w, https:\/\/physio-lorraine.fr\/wp-content\/uploads\/2022\/06\/oda-e1656341429459-150x150.jpg 150w\" sizes=\"auto, (max-width: 180px) 100vw, 180px\" \/><\/figure>\r\n<div class=\"wp-block-media-text__content\">\r\n<p><strong>Nicolas Odabachian<\/strong><\/p>\r\n\r\n\r\n\r\n<p>MKDE &#8211; Master STAPS APAS &#8211; Th\u00e9rapie Manuelle &#8211; DU Expertise Judiciaire<\/p>\r\n<\/div>\r\n<\/div>\r\n\r\n\r\n\r\n<p>&nbsp;<\/p>\r\n","protected":false},"excerpt":{"rendered":"<p>L&rsquo;\u00e9quipe de la SPL est compos\u00e9e de b\u00e9n\u00e9voles aux profils vari\u00e9s, mais r\u00e9unis autour d&rsquo;une passion commune : Antoine Perros | Pr\u00e9sident MKDE, praticien lib\u00e9ral Aur\u00e9lie Roth | Tr\u00e9sori\u00e8re MKDE,&hellip;<\/p>\n","protected":false},"author":1,"featured_media":0,"parent":0,"menu_order":0,"comment_status":"closed","ping_status":"closed","template":"template-fullwidth.php","meta":{"footnotes":""},"class_list":["post-71","page","type-page","status-publish","hentry","no-post-thumbnail"],"_links":{"self":[{"href":"https:\/\/physio-lorraine.fr\/index.php\/wp-json\/wp\/v2\/pages\/71","targetHints":{"allow":["GET"]}}],"collection":[{"href":"https:\/\/physio-lorraine.fr\/index.php\/wp-json\/wp\/v2\/pages"}],"about":[{"href":"https:\/\/physio-lorraine.fr\/index.php\/wp-json\/wp\/v2\/types\/page"}],"author":[{"embeddable":true,"href":"https:\/\/physio-lorraine.fr\/index.php\/wp-json\/wp\/v2\/users\/1"}],"replies":[{"embeddable":true,"href":"https:\/\/physio-lorraine.fr\/index.php\/wp-json\/wp\/v2\/comments?post=71"}],"version-history":[{"count":21,"href":"https:\/\/physio-lorraine.fr\/index.php\/wp-json\/wp\/v2\/pages\/71\/revisions"}],"predecessor-version":[{"id":6205,"href":"https:\/\/physio-lorraine.fr\/index.php\/wp-json\/wp\/v2\/pages\/71\/revisions\/6205"}],"wp:attachment":[{"href":"https:\/\/physio-lorraine.fr\/index.php\/wp-json\/wp\/v2\/media?parent=71"}],"curies":[{"name":"wp","href":"https:\/\/api.w.org\/{rel}","templated":true}]}}