{"id":5062,"date":"2023-11-14T18:32:27","date_gmt":"2023-11-14T17:32:27","guid":{"rendered":"https:\/\/physio-lorraine.fr\/?page_id=5062"},"modified":"2023-11-14T18:32:28","modified_gmt":"2023-11-14T17:32:28","slug":"universite-dhiver-2023-de-la-spl","status":"publish","type":"page","link":"https:\/\/physio-lorraine.fr\/index.php\/universite-dhiver-2023-de-la-spl\/","title":{"rendered":"Universit\u00e9 d&rsquo;Hiver 2023 de la SPL"},"content":{"rendered":"<noscript class=\"ninja-forms-noscript-message\">\n\tRemarque\u00a0: JavaScript est requis pour ce contenu.<\/noscript>\n<p>&gt;&gt; CLOTURE DES INSCRIPTIONS &lt;&lt;<\/p><p>D\u00e9sol\u00e9, nous sommes complets ! N'h\u00e9sitez pas \u00e0 vous inscrire \u00e0 notre newsletter via la page d'accueil pour ne pas rater nos prochains \u00e9v\u00e8nements.<\/p>","protected":false},"excerpt":{"rendered":"<p>Remarque\u00a0: JavaScript est requis pour ce contenu. &gt;&gt; CLOTURE DES INSCRIPTIONS &lt;&lt;D\u00e9sol\u00e9, nous sommes complets ! N&rsquo;h\u00e9sitez pas \u00e0 vous inscrire \u00e0 notre newsletter via la page d&rsquo;accueil pour ne&hellip;<\/p>\n","protected":false},"author":1,"featured_media":5058,"parent":0,"menu_order":0,"comment_status":"closed","ping_status":"closed","template":"","meta":{"footnotes":""},"class_list":["post-5062","page","type-page","status-publish","has-post-thumbnail","hentry"],"_links":{"self":[{"href":"https:\/\/physio-lorraine.fr\/index.php\/wp-json\/wp\/v2\/pages\/5062","targetHints":{"allow":["GET"]}}],"collection":[{"href":"https:\/\/physio-lorraine.fr\/index.php\/wp-json\/wp\/v2\/pages"}],"about":[{"href":"https:\/\/physio-lorraine.fr\/index.php\/wp-json\/wp\/v2\/types\/page"}],"author":[{"embeddable":true,"href":"https:\/\/physio-lorraine.fr\/index.php\/wp-json\/wp\/v2\/users\/1"}],"replies":[{"embeddable":true,"href":"https:\/\/physio-lorraine.fr\/index.php\/wp-json\/wp\/v2\/comments?post=5062"}],"version-history":[{"count":1,"href":"https:\/\/physio-lorraine.fr\/index.php\/wp-json\/wp\/v2\/pages\/5062\/revisions"}],"predecessor-version":[{"id":5063,"href":"https:\/\/physio-lorraine.fr\/index.php\/wp-json\/wp\/v2\/pages\/5062\/revisions\/5063"}],"wp:featuredmedia":[{"embeddable":true,"href":"https:\/\/physio-lorraine.fr\/index.php\/wp-json\/wp\/v2\/media\/5058"}],"wp:attachment":[{"href":"https:\/\/physio-lorraine.fr\/index.php\/wp-json\/wp\/v2\/media?parent=5062"}],"curies":[{"name":"wp","href":"https:\/\/api.w.org\/{rel}","templated":true}]}}