{"id":2463,"date":"2021-03-07T19:32:21","date_gmt":"2021-03-07T18:32:21","guid":{"rendered":"https:\/\/physio-lorraine.fr\/?page_id=2463"},"modified":"2021-03-07T19:32:22","modified_gmt":"2021-03-07T18:32:22","slug":"iconference-kinesitherapie-perinatalite","status":"publish","type":"page","link":"https:\/\/physio-lorraine.fr\/index.php\/iconference-kinesitherapie-perinatalite\/","title":{"rendered":"Inscription \u00e0 la Conf\u00e9rence \u00ab\u00a0Kin\u00e9sith\u00e9rapie &#038; P\u00e9rinatalit\u00e9\u00a0\u00bb"},"content":{"rendered":"<noscript class=\"ninja-forms-noscript-message\">\n\tRemarque\u00a0: JavaScript est requis pour ce contenu.<\/noscript>\n<p>&gt;&gt; FIN DES INSCRIPTIONS &lt;&lt;<\/p><p>Les inscriptions sont closes, mais bonne nouvelle ! <\/p><p>Vous pouvez acc\u00e9der directement au live de la conf\u00e9rence ce jeudi 1er avril \u00e0 20 heures en cliquant sur ce lien :<\/p><p><a href=\"https:\/\/www.youtube.com\/watch?v=KYQwMqXkjkQ\">https:\/\/www.youtube.com\/watch?v=KYQwMqXkjkQ<\/a><\/p><p>Nous vous attendons nombreux !<\/p><p>L'\u00e9quipe SPL<br><\/p>","protected":false},"excerpt":{"rendered":"<p>Remarque\u00a0: JavaScript est requis pour ce contenu. &gt;&gt; FIN DES INSCRIPTIONS &lt;&lt;Les inscriptions sont closes, mais bonne nouvelle ! Vous pouvez acc\u00e9der directement au live de la conf\u00e9rence ce jeudi&hellip;<\/p>\n","protected":false},"author":1,"featured_media":0,"parent":0,"menu_order":0,"comment_status":"closed","ping_status":"closed","template":"","meta":{"footnotes":""},"class_list":["post-2463","page","type-page","status-publish","hentry","no-post-thumbnail"],"_links":{"self":[{"href":"https:\/\/physio-lorraine.fr\/index.php\/wp-json\/wp\/v2\/pages\/2463","targetHints":{"allow":["GET"]}}],"collection":[{"href":"https:\/\/physio-lorraine.fr\/index.php\/wp-json\/wp\/v2\/pages"}],"about":[{"href":"https:\/\/physio-lorraine.fr\/index.php\/wp-json\/wp\/v2\/types\/page"}],"author":[{"embeddable":true,"href":"https:\/\/physio-lorraine.fr\/index.php\/wp-json\/wp\/v2\/users\/1"}],"replies":[{"embeddable":true,"href":"https:\/\/physio-lorraine.fr\/index.php\/wp-json\/wp\/v2\/comments?post=2463"}],"version-history":[{"count":1,"href":"https:\/\/physio-lorraine.fr\/index.php\/wp-json\/wp\/v2\/pages\/2463\/revisions"}],"predecessor-version":[{"id":2465,"href":"https:\/\/physio-lorraine.fr\/index.php\/wp-json\/wp\/v2\/pages\/2463\/revisions\/2465"}],"wp:attachment":[{"href":"https:\/\/physio-lorraine.fr\/index.php\/wp-json\/wp\/v2\/media?parent=2463"}],"curies":[{"name":"wp","href":"https:\/\/api.w.org\/{rel}","templated":true}]}}